{"id":557,"date":"2021-07-15T03:15:15","date_gmt":"2021-07-15T03:15:15","guid":{"rendered":"https:\/\/stage.startertemplatecloud.com\/g12\/?page_id=557"},"modified":"2024-03-18T17:56:42","modified_gmt":"2024-03-18T20:56:42","slug":"contact","status":"publish","type":"page","link":"https:\/\/noeliafernandez.net\/en\/contact\/","title":{"rendered":"Contact"},"content":{"rendered":"<style>.kb-row-layout-wrap.wp-block-kadence-rowlayout.kb-row-layout-id557_24b918-7d{margin-top:0px;margin-bottom:0px;}.kb-row-layout-id557_24b918-7d > .kt-row-column-wrap{align-content:center;}:where(.kb-row-layout-id557_24b918-7d > .kt-row-column-wrap) > .wp-block-kadence-column{justify-content:center;}.kb-row-layout-id557_24b918-7d > .kt-row-column-wrap{column-gap:var(--global-kb-gap-md, 2rem);row-gap:var(--global-kb-gap-md, 2rem);max-width:1250px;margin-left:auto;margin-right:auto;padding-top:150px;padding-right:0px;padding-bottom:0px;padding-left:0px;grid-template-columns:minmax(0, 1fr);}.kb-row-layout-id557_24b918-7d{background-image:url('http:\/\/noeliafernandez.net\/wp-content\/uploads\/2023\/12\/Screenshot-2023-12-08-at-21.51.41.png');background-size:auto;background-position:100% 94%;background-attachment:scroll;background-repeat:no-repeat;}.kb-row-layout-id557_24b918-7d > .kt-row-layout-overlay{opacity:0.90;background-color:var(--global-palette3, #1A202C);}@media all and (max-width: 1024px){.kb-row-layout-id557_24b918-7d > .kt-row-column-wrap{padding-top:150px;padding-right:0px;padding-bottom:0px;padding-left:0px;grid-template-columns:minmax(0, 1fr);}}@media all and (max-width: 767px){.kb-row-layout-id557_24b918-7d > .kt-row-column-wrap{padding-top:120px;padding-right:0px;padding-bottom:0px;padding-left:0px;grid-template-columns:minmax(0, 1fr);}}<\/style><div class=\"kb-row-layout-wrap kb-row-layout-id557_24b918-7d alignnone kt-row-has-bg wp-block-kadence-rowlayout\"><div class=\"kt-row-layout-overlay kt-row-overlay-normal\"><\/div><div class=\"kt-row-column-wrap kt-has-1-columns kt-row-layout-equal kt-tab-layout-inherit kt-mobile-layout-row kt-row-valign-middle\">\n<style>.kadence-column557_1429aa-6d > .kt-inside-inner-col{padding-top:0px;padding-right:10px;padding-bottom:0px;padding-left:10px;}.kadence-column557_1429aa-6d > .kt-inside-inner-col,.kadence-column557_1429aa-6d > .kt-inside-inner-col:before{border-top-left-radius:0px;border-top-right-radius:0px;border-bottom-right-radius:0px;border-bottom-left-radius:0px;}.kadence-column557_1429aa-6d > .kt-inside-inner-col{column-gap:var(--global-kb-gap-sm, 1rem);}.kadence-column557_1429aa-6d > .kt-inside-inner-col{flex-direction:column;}.kadence-column557_1429aa-6d > .kt-inside-inner-col > .aligncenter{width:100%;}.kadence-column557_1429aa-6d > .kt-inside-inner-col:before{opacity:0.3;}.kadence-column557_1429aa-6d{position:relative;}@media all and (max-width: 1024px){.kadence-column557_1429aa-6d > .kt-inside-inner-col{padding-top:0px;padding-right:0px;padding-bottom:0px;padding-left:0px;flex-direction:column;justify-content:center;}}@media all and (max-width: 767px){.kadence-column557_1429aa-6d > .kt-inside-inner-col{flex-direction:column;justify-content:center;}}<\/style>\n<div class=\"wp-block-kadence-column kadence-column557_1429aa-6d inner-column-1\"><div class=\"kt-inside-inner-col\"><style>.kb-row-layout-id557_d8f7cb-86 > .kt-row-column-wrap{align-content:start;}:where(.kb-row-layout-id557_d8f7cb-86 > .kt-row-column-wrap) > .wp-block-kadence-column{justify-content:start;}.kb-row-layout-id557_d8f7cb-86 > .kt-row-column-wrap{column-gap:var(--global-kb-gap-md, 2rem);row-gap:var(--global-kb-gap-md, 2rem);max-width:600px;margin-left:auto;margin-right:auto;padding-top:0px;padding-right:0px;padding-bottom:0px;padding-left:0px;grid-template-columns:minmax(0, 1fr);}.kb-row-layout-id557_d8f7cb-86 > .kt-row-layout-overlay{opacity:0.30;}@media all and (max-width: 1024px){.kb-row-layout-id557_d8f7cb-86 > .kt-row-column-wrap{grid-template-columns:minmax(0, 1fr);}}@media all and (max-width: 767px){.kb-row-layout-id557_d8f7cb-86 > .kt-row-column-wrap{padding-top:40px;padding-right:20px;padding-bottom:0px;padding-left:20px;grid-template-columns:minmax(0, 1fr);}}<\/style><div class=\"kb-row-layout-wrap kb-row-layout-id557_d8f7cb-86 alignnone wp-block-kadence-rowlayout\"><div class=\"kt-row-column-wrap kt-has-1-columns kt-row-layout-equal kt-tab-layout-inherit kt-mobile-layout-row kt-row-valign-top\">\n<style>.kadence-column557_93b406-96 > .kt-inside-inner-col{padding-top:10px;padding-right:10px;padding-bottom:10px;padding-left:10px;}.kadence-column557_93b406-96 > .kt-inside-inner-col,.kadence-column557_93b406-96 > .kt-inside-inner-col:before{border-top-left-radius:0px;border-top-right-radius:0px;border-bottom-right-radius:0px;border-bottom-left-radius:0px;}.kadence-column557_93b406-96 > .kt-inside-inner-col{column-gap:var(--global-kb-gap-sm, 1rem);}.kadence-column557_93b406-96 > .kt-inside-inner-col{flex-direction:column;}.kadence-column557_93b406-96 > .kt-inside-inner-col > .aligncenter{width:100%;}.kadence-column557_93b406-96 > .kt-inside-inner-col:before{opacity:0.3;}.kadence-column557_93b406-96{position:relative;}@media all and (max-width: 1024px){.kadence-column557_93b406-96 > .kt-inside-inner-col{flex-direction:column;justify-content:center;}}@media all and (max-width: 767px){.kadence-column557_93b406-96 > .kt-inside-inner-col{flex-direction:column;justify-content:center;}}<\/style>\n<div class=\"wp-block-kadence-column kadence-column557_93b406-96 inner-column-1\"><div class=\"kt-inside-inner-col\"><style>.wp-block-kadence-advancedheading.kt-adv-heading557_3efad7-27, .wp-block-kadence-advancedheading.kt-adv-heading557_3efad7-27[data-kb-block=\"kb-adv-heading557_3efad7-27\"]{margin-top:0px;margin-right:0px;margin-bottom:25px;margin-left:0px;text-align:center;font-size:50px;line-height:1em;font-style:normal;}.wp-block-kadence-advancedheading.kt-adv-heading557_3efad7-27 mark.kt-highlight, .wp-block-kadence-advancedheading.kt-adv-heading557_3efad7-27[data-kb-block=\"kb-adv-heading557_3efad7-27\"] mark.kt-highlight{font-style:normal;color:#f76a0c;-webkit-box-decoration-break:clone;box-decoration-break:clone;padding-top:0px;padding-right:0px;padding-bottom:0px;padding-left:0px;}.wp-block-kadence-advancedheading.kt-adv-heading557_3efad7-27 img.kb-inline-image, .wp-block-kadence-advancedheading.kt-adv-heading557_3efad7-27[data-kb-block=\"kb-adv-heading557_3efad7-27\"] img.kb-inline-image{width:150px;vertical-align:baseline;}@media all and (max-width: 767px){.wp-block-kadence-advancedheading.kt-adv-heading557_3efad7-27, .wp-block-kadence-advancedheading.kt-adv-heading557_3efad7-27[data-kb-block=\"kb-adv-heading557_3efad7-27\"]{font-size:40px;}}<\/style>\n<h2 class=\"kt-adv-heading557_3efad7-27 wp-block-kadence-advancedheading has-theme-palette-9-color has-text-color\" data-kb-block=\"kb-adv-heading557_3efad7-27\">Comentario<\/h2>\n\n\n<style>.wp-block-kadence-advancedheading.kt-adv-heading557_48a94c-bf, .wp-block-kadence-advancedheading.kt-adv-heading557_48a94c-bf[data-kb-block=\"kb-adv-heading557_48a94c-bf\"]{text-align:center;font-style:normal;}.wp-block-kadence-advancedheading.kt-adv-heading557_48a94c-bf mark.kt-highlight, .wp-block-kadence-advancedheading.kt-adv-heading557_48a94c-bf[data-kb-block=\"kb-adv-heading557_48a94c-bf\"] mark.kt-highlight{font-style:normal;color:#f76a0c;-webkit-box-decoration-break:clone;box-decoration-break:clone;padding-top:0px;padding-right:0px;padding-bottom:0px;padding-left:0px;}.wp-block-kadence-advancedheading.kt-adv-heading557_48a94c-bf img.kb-inline-image, .wp-block-kadence-advancedheading.kt-adv-heading557_48a94c-bf[data-kb-block=\"kb-adv-heading557_48a94c-bf\"] img.kb-inline-image{width:150px;vertical-align:baseline;}<\/style>\n<p class=\"kt-adv-heading557_48a94c-bf wp-block-kadence-advancedheading has-theme-palette-9-color has-text-color\" data-kb-block=\"kb-adv-heading557_48a94c-bf\"><br>Este ministerio esta supervisado por el Pastor y Maestro Mandala Weber, esposo de la Profetisa Noelia, quien tambi\u00e9n es el que recibe y responde la correspondencia.<br><br>Debido a la gran demanda no nos es posible entregar palabras prof\u00e9ticas ni interpretar sue\u00f1os por Email.<\/p>\n<\/div><\/div>\n\n<\/div><\/div>\n\n<style>.kb-row-layout-wrap.wp-block-kadence-rowlayout.kb-row-layout-id557_89a19a-b5{margin-top:90px;margin-bottom:0px;}.kb-row-layout-id557_89a19a-b5 > .kt-row-column-wrap{align-content:center;}:where(.kb-row-layout-id557_89a19a-b5 > .kt-row-column-wrap) > .wp-block-kadence-column{justify-content:center;}.kb-row-layout-id557_89a19a-b5 > .kt-row-column-wrap{column-gap:var(--global-kb-gap-none, 0rem );row-gap:var(--global-kb-gap-md, 2rem);max-width:1250px;margin-left:auto;margin-right:auto;padding-top:30px;padding-right:50px;padding-bottom:30px;padding-left:50px;grid-template-columns:minmax(0, calc(33% - ((var(--global-kb-gap-none, 0rem ) * 2 )\/3)))minmax(0, calc(34% - ((var(--global-kb-gap-none, 0rem ) * 2 )\/3)))minmax(0, calc(33% - ((var(--global-kb-gap-none, 0rem ) * 2 )\/3)));}.kb-row-layout-id557_89a19a-b5{border-top-left-radius:6px;border-top-right-radius:6px;border-bottom-right-radius:0px;border-bottom-left-radius:0px;overflow:clip;isolation:isolate;}.kb-row-layout-id557_89a19a-b5 > .kt-row-layout-overlay{border-top-left-radius:6px;border-top-right-radius:6px;border-bottom-right-radius:0px;border-bottom-left-radius:0px;}.kb-row-layout-id557_89a19a-b5 > .kt-row-layout-overlay{opacity:0.30;}@media all and (max-width: 1024px){.kb-row-layout-wrap.wp-block-kadence-rowlayout.kb-row-layout-id557_89a19a-b5{margin-top:60px;margin-bottom:0px;}}@media all and (max-width: 1024px){.kb-row-layout-id557_89a19a-b5 > .kt-row-column-wrap{padding-top:50px;padding-right:20px;padding-bottom:50px;padding-left:20px;grid-template-columns:repeat(2, minmax(0, 1fr));}}@media all and (max-width: 1024px){.kb-row-layout-id557_89a19a-b5 > .kt-row-column-wrap > *:nth-child(3n of *:not(style)){grid-column:1 \/ -1;}}@media all and (max-width: 767px){.kb-row-layout-id557_89a19a-b5 > .kt-row-column-wrap > div:not(.added-for-specificity){grid-column:initial;}.kb-row-layout-id557_89a19a-b5 > .kt-row-column-wrap{grid-template-columns:minmax(0, 1fr);}}<\/style><div class=\"kb-row-layout-wrap kb-row-layout-id557_89a19a-b5 alignnone has-theme-palette3-background-color kt-row-has-bg wp-block-kadence-rowlayout\"><div class=\"kt-row-column-wrap kt-has-3-columns kt-row-layout-equal kt-tab-layout-last-row kt-mobile-layout-row kt-row-valign-middle\">\n<style>.kadence-column557_cff1a8-33 > .kt-inside-inner-col{padding-top:10px;padding-right:10px;padding-bottom:10px;padding-left:10px;}.kadence-column557_cff1a8-33 > .kt-inside-inner-col,.kadence-column557_cff1a8-33 > .kt-inside-inner-col:before{border-top-left-radius:0px;border-top-right-radius:0px;border-bottom-right-radius:0px;border-bottom-left-radius:0px;}.kadence-column557_cff1a8-33 > .kt-inside-inner-col{column-gap:var(--global-kb-gap-sm, 1rem);}.kadence-column557_cff1a8-33 > .kt-inside-inner-col{flex-direction:column;}.kadence-column557_cff1a8-33 > .kt-inside-inner-col > .aligncenter{width:100%;}.kadence-column557_cff1a8-33 > .kt-inside-inner-col:before{opacity:0.3;}.kadence-column557_cff1a8-33{position:relative;}@media all and (max-width: 1024px){.kadence-column557_cff1a8-33 > .kt-inside-inner-col{flex-direction:column;justify-content:center;}}@media all and (max-width: 767px){.kadence-column557_cff1a8-33 > .kt-inside-inner-col{flex-direction:column;justify-content:center;}}<\/style>\n<div class=\"wp-block-kadence-column kadence-column557_cff1a8-33 inner-column-1\"><div class=\"kt-inside-inner-col\"><\/div><\/div>\n\n\n<style>.kadence-column557_99f3ca-8e > .kt-inside-inner-col{padding-top:10px;padding-right:10px;padding-bottom:10px;padding-left:10px;}.kadence-column557_99f3ca-8e > .kt-inside-inner-col,.kadence-column557_99f3ca-8e > .kt-inside-inner-col:before{border-top-left-radius:0px;border-top-right-radius:0px;border-bottom-right-radius:0px;border-bottom-left-radius:0px;}.kadence-column557_99f3ca-8e > .kt-inside-inner-col{column-gap:var(--global-kb-gap-sm, 1rem);}.kadence-column557_99f3ca-8e > .kt-inside-inner-col{flex-direction:column;}.kadence-column557_99f3ca-8e > .kt-inside-inner-col > .aligncenter{width:100%;}.kadence-column557_99f3ca-8e > .kt-inside-inner-col:before{opacity:0.3;}.kadence-column557_99f3ca-8e{position:relative;}@media all and (max-width: 1024px){.kadence-column557_99f3ca-8e > .kt-inside-inner-col{flex-direction:column;justify-content:center;}}@media all and (max-width: 767px){.kadence-column557_99f3ca-8e > .kt-inside-inner-col{flex-direction:column;justify-content:center;}}<\/style>\n<div class=\"wp-block-kadence-column kadence-column557_99f3ca-8e inner-column-2\"><div class=\"kt-inside-inner-col\"><style>.wp-block-kadence-advancedbtn.kt-btns557_c27b45-de, .site .entry-content .wp-block-kadence-advancedbtn.kt-btns557_c27b45-de, .wp-block-kadence-advancedbtn.kb-btns557_c27b45-de, .site .entry-content .wp-block-kadence-advancedbtn.kb-btns557_c27b45-de{margin-top:0px;margin-right:0px;margin-bottom:0px;margin-left:0px;}.wp-block-kadence-advancedbtn.kb-btns557_c27b45-de{gap:var(--global-kb-gap-xs, 0.5rem );justify-content:center;align-items:center;}.kt-btns557_c27b45-de .kt-button{font-weight:normal;font-style:normal;}@media all and (max-width: 767px){.wp-block-kadence-advancedbtn.kb-btns557_c27b45-de{justify-content:center;}}<\/style>\n<div class=\"wp-block-kadence-advancedbtn kb-buttons-wrap kb-btns557_c27b45-de\"><style>ul.menu .wp-block-kadence-advancedbtn .kb-btn557_a04fb7-a4.kb-button{width:initial;}<\/style><a class=\"kb-button kt-button button kb-btn557_a04fb7-a4 kt-btn-size-standard kt-btn-width-type-auto kb-btn-global-inherit  kt-btn-has-text-true kt-btn-has-svg-false  wp-block-button__link wp-block-kadence-singlebtn\" href=\"mailto:mandalaweber@hotmail.com\" target=\"_blank\" rel=\"noreferrer noopener\"><span class=\"kt-btn-inner-text\">Email<\/span><\/a><\/div>\n<\/div><\/div>\n\n\n<style>.kadence-column557_1c0e78-0c > .kt-inside-inner-col{padding-top:10px;padding-right:10px;padding-bottom:10px;padding-left:10px;}.kadence-column557_1c0e78-0c > .kt-inside-inner-col,.kadence-column557_1c0e78-0c > .kt-inside-inner-col:before{border-top-left-radius:0px;border-top-right-radius:0px;border-bottom-right-radius:0px;border-bottom-left-radius:0px;}.kadence-column557_1c0e78-0c > .kt-inside-inner-col{column-gap:var(--global-kb-gap-sm, 1rem);}.kadence-column557_1c0e78-0c > .kt-inside-inner-col{flex-direction:column;}.kadence-column557_1c0e78-0c > .kt-inside-inner-col > .aligncenter{width:100%;}.kadence-column557_1c0e78-0c > .kt-inside-inner-col:before{opacity:0.3;}.kadence-column557_1c0e78-0c{position:relative;}@media all and (max-width: 1024px){.kadence-column557_1c0e78-0c > .kt-inside-inner-col{flex-direction:column;justify-content:center;}}@media all and (max-width: 767px){.kadence-column557_1c0e78-0c > .kt-inside-inner-col{flex-direction:column;justify-content:center;}}<\/style>\n<div class=\"wp-block-kadence-column kadence-column557_1c0e78-0c inner-column-3\"><div class=\"kt-inside-inner-col\"><\/div><\/div>\n\n<\/div><\/div><\/div><\/div>\n\n<\/div><\/div>\n\n<style>.kb-row-layout-id557_bfd041-53 > .kt-row-column-wrap{align-content:start;}:where(.kb-row-layout-id557_bfd041-53 > .kt-row-column-wrap) > .wp-block-kadence-column{justify-content:start;}.kb-row-layout-id557_bfd041-53 > .kt-row-column-wrap{column-gap:var(--global-kb-gap-md, 2rem);row-gap:var(--global-kb-gap-md, 2rem);max-width:1250px;margin-left:auto;margin-right:auto;padding-top:100px;padding-right:0px;padding-bottom:80px;padding-left:0px;grid-template-columns:minmax(0, 1fr);}.kb-row-layout-id557_bfd041-53{background-image:url('http:\/\/noeliafernandez.net\/wp-content\/uploads\/2021\/04\/pencilsketchadjusted-1874885.png');background-size:cover;background-position:center center;background-attachment:scroll;background-repeat:no-repeat;}.kb-row-layout-id557_bfd041-53 > .kt-row-layout-overlay{opacity:0.70;background-color:var(--global-palette8, #F7FAFC);}@media all and (max-width: 1024px){.kb-row-layout-id557_bfd041-53 > .kt-row-column-wrap{padding-top:60px;padding-right:30px;padding-bottom:30px;padding-left:30px;grid-template-columns:minmax(0, 1fr);}}@media all and (max-width: 767px){.kb-row-layout-id557_bfd041-53 > .kt-row-column-wrap{padding-top:40px;padding-right:15px;padding-bottom:30px;padding-left:15px;grid-template-columns:minmax(0, 1fr);}}<\/style><div class=\"kb-row-layout-wrap kb-row-layout-id557_bfd041-53 alignnone kt-row-has-bg wp-block-kadence-rowlayout\"><div class=\"kt-row-layout-overlay kt-row-overlay-normal\"><\/div><div class=\"kt-row-column-wrap kt-has-1-columns kt-row-layout-equal kt-tab-layout-inherit kt-mobile-layout-row kt-row-valign-top\">\n<style>.kadence-column557_a3dbfa-47 > .kt-inside-inner-col,.kadence-column557_a3dbfa-47 > .kt-inside-inner-col:before{border-top-left-radius:0px;border-top-right-radius:0px;border-bottom-right-radius:0px;border-bottom-left-radius:0px;}.kadence-column557_a3dbfa-47 > .kt-inside-inner-col{column-gap:var(--global-kb-gap-sm, 1rem);}.kadence-column557_a3dbfa-47 > .kt-inside-inner-col{flex-direction:column;}.kadence-column557_a3dbfa-47 > .kt-inside-inner-col > .aligncenter{width:100%;}.kadence-column557_a3dbfa-47 > .kt-inside-inner-col:before{opacity:0.3;}.kadence-column557_a3dbfa-47{position:relative;}@media all and (max-width: 1024px){.kadence-column557_a3dbfa-47 > .kt-inside-inner-col{flex-direction:column;justify-content:center;}}@media all and (max-width: 767px){.kadence-column557_a3dbfa-47 > .kt-inside-inner-col{flex-direction:column;justify-content:center;}}<\/style>\n<div class=\"wp-block-kadence-column kadence-column557_a3dbfa-47\"><div class=\"kt-inside-inner-col\"><\/div><\/div>\n\n<\/div><\/div>\n\n<style>.kb-google-maps-container557_589dd5-e1{height:450px;}.kb-google-maps-container557_589dd5-e1{filter:saturate(93%);}<\/style><div class=\"kb-google-maps-container kb-google-maps-container557_589dd5-e1  wp-block-kadence-googlemaps\" data-mapid=\"557_589dd5e1\"><iframe width=\"100%\" height=\"100%\"\n\t\t\t\t\t\t\tstyle=\"border:0\"\n\t\t\t\t\t\t\tdata-src=\"https:\/\/www.google.com\/maps\/embed\/v1\/place?key=AIzaSyBAM2o7PiQqwk15LC1XRH2e_KJ-jUa7KYk&#038;zoom=3&#038;maptype=satellite&#038;q=Mendoza\"\n\t\t\t\t\t\t\ttitle=\"Google map of Mendoza\" src=\"data:image\/svg+xml;base64,PHN2ZyB3aWR0aD0iMSIgaGVpZ2h0PSIxIiB4bWxucz0iaHR0cDovL3d3dy53My5vcmcvMjAwMC9zdmciPjwvc3ZnPg==\" class=\"lazyload\" data-load-mode=\"1\"><\/iframe><\/div><script>function kb_google_map557_589dd5e1() { let center = { lat: 37.8201, lng: -122.4781}; let map = new google.maps.Map(document.getElementById(\"kb-google-map557_589dd5e1\"), {\n\t\t\t\t\t    zoom: 3,\n\t\t\t\t\t    center: center,mapTypeId: \"satellite\",});let marker = new google.maps.Marker({   position: { lat: 37.8201, lng: -122.4781},    map: map,  });}<\/script>","protected":false},"excerpt":{"rendered":"<p>Comentario Este ministerio esta supervisado por el Pastor y Maestro Mandala Weber, esposo de la Profetisa Noelia, quien tambi\u00e9n es el que recibe y responde la correspondencia. Debido a la gran demanda no nos es posible entregar palabras prof\u00e9ticas ni interpretar sue\u00f1os por Email.<\/p>","protected":false},"author":4,"featured_media":1580,"parent":0,"menu_order":0,"comment_status":"closed","ping_status":"closed","template":"","meta":{"_kadence_starter_templates_imported_post":true,"_kad_post_transparent":"","_kad_post_title":"hide","_kad_post_layout":"fullwidth","_kad_post_sidebar_id":"","_kad_post_content_style":"unboxed","_kad_post_vertical_padding":"hide","_kad_post_feature":"hide","_kad_post_feature_position":"","_kad_post_header":false,"_kad_post_footer":false,"_kad_post_classname":"","footnotes":""},"class_list":["post-557","page","type-page","status-publish","has-post-thumbnail","hentry"],"_links":{"self":[{"href":"https:\/\/noeliafernandez.net\/en\/wp-json\/wp\/v2\/pages\/557","targetHints":{"allow":["GET"]}}],"collection":[{"href":"https:\/\/noeliafernandez.net\/en\/wp-json\/wp\/v2\/pages"}],"about":[{"href":"https:\/\/noeliafernandez.net\/en\/wp-json\/wp\/v2\/types\/page"}],"author":[{"embeddable":true,"href":"https:\/\/noeliafernandez.net\/en\/wp-json\/wp\/v2\/users\/4"}],"replies":[{"embeddable":true,"href":"https:\/\/noeliafernandez.net\/en\/wp-json\/wp\/v2\/comments?post=557"}],"version-history":[{"count":33,"href":"https:\/\/noeliafernandez.net\/en\/wp-json\/wp\/v2\/pages\/557\/revisions"}],"predecessor-version":[{"id":2217,"href":"https:\/\/noeliafernandez.net\/en\/wp-json\/wp\/v2\/pages\/557\/revisions\/2217"}],"wp:featuredmedia":[{"embeddable":true,"href":"https:\/\/noeliafernandez.net\/en\/wp-json\/wp\/v2\/media\/1580"}],"wp:attachment":[{"href":"https:\/\/noeliafernandez.net\/en\/wp-json\/wp\/v2\/media?parent=557"}],"curies":[{"name":"wp","href":"https:\/\/api.w.org\/{rel}","templated":true}]}}